{"id":1795,"date":"2024-02-22T23:24:32","date_gmt":"2024-02-23T04:24:32","guid":{"rendered":"https:\/\/sirleymontoya.com\/?post_type=product&#038;p=1795"},"modified":"2024-04-02T10:43:30","modified_gmt":"2024-04-02T15:43:30","slug":"bolso-coral","status":"publish","type":"product","link":"https:\/\/sirleymontoya.com\/index.php\/product\/bolso-coral\/","title":{"rendered":"Bolso Coral"},"content":{"rendered":"<p><strong>CARTERA CORAL: <\/strong><\/p>\n<p>Inspirada en mujeres sencillas. Dise\u00f1o para acompa\u00f1arlas en su cotidianidad, y que a su vez puedan tener un toque casual y lindo a su outfit. Coral es un bolso \u00fanico, vers\u00e1til, espacioso, y seguro; ideal para que la mujer se sienta hermosa, libre y c\u00f3moda.<\/p>\n<ul>\n<li>Producto 100% colombiano<\/li>\n<li>Elaborado en PVC, material que no se pela, ni se descascara<\/li>\n<li>Herrajes de excelente calidad<\/li>\n<li>Incluye monedero y correa<\/li>\n<\/ul>\n<p>&nbsp;<\/p>\n<p>&nbsp;<\/p>\n","protected":false},"excerpt":{"rendered":"<p>Medidas:<\/p>\n<ul>\n<li>Altura: 13cm<\/li>\n<li>Ancho: 23cm<\/li>\n<li>Superficie: 8cm<\/li>\n<\/ul>\n<p>Nuestros bolsos est\u00e1n elaborados con materiales de alta calidad, material de PVC resistentes al agua y calor, f\u00e1ciles de limpiar, y de larga duraci\u00f3n (No se pelan ni se descascar\u00e1n). Usamos materiales sostenibles, contribuyendo as\u00ed con nuestro planeta y previniendo el maltrato animal.<\/p>\n<p>Elaborados en Colombia, por artesanos colombianos<\/p>\n<p><strong>Colores disponibles : <\/strong>beige, negro, nude combinado con blanco, nude combinado con verde aceituna , rosa<\/p>\n","protected":false},"featured_media":2097,"comment_status":"open","ping_status":"closed","template":"","meta":{"om_disable_all_campaigns":false,"_monsterinsights_skip_tracking":false,"_monsterinsights_sitenote_active":false,"_monsterinsights_sitenote_note":"","_monsterinsights_sitenote_category":0,"_joinchat":[]},"product_cat":[53],"product_tag":[70,72,71],"class_list":{"0":"post-1795","1":"product","2":"type-product","3":"status-publish","4":"has-post-thumbnail","6":"product_cat-bags","7":"product_tag-bolso","8":"product_tag-bolso-versatil","9":"product_tag-cartera","11":"first","12":"instock","13":"shipping-taxable","14":"purchasable","15":"product-type-variable"},"aioseo_notices":[],"jetpack_sharing_enabled":true,"_links":{"self":[{"href":"https:\/\/sirleymontoya.com\/index.php\/wp-json\/wp\/v2\/product\/1795","targetHints":{"allow":["GET"]}}],"collection":[{"href":"https:\/\/sirleymontoya.com\/index.php\/wp-json\/wp\/v2\/product"}],"about":[{"href":"https:\/\/sirleymontoya.com\/index.php\/wp-json\/wp\/v2\/types\/product"}],"replies":[{"embeddable":true,"href":"https:\/\/sirleymontoya.com\/index.php\/wp-json\/wp\/v2\/comments?post=1795"}],"wp:featuredmedia":[{"embeddable":true,"href":"https:\/\/sirleymontoya.com\/index.php\/wp-json\/wp\/v2\/media\/2097"}],"wp:attachment":[{"href":"https:\/\/sirleymontoya.com\/index.php\/wp-json\/wp\/v2\/media?parent=1795"}],"wp:term":[{"taxonomy":"product_cat","embeddable":true,"href":"https:\/\/sirleymontoya.com\/index.php\/wp-json\/wp\/v2\/product_cat?post=1795"},{"taxonomy":"product_tag","embeddable":true,"href":"https:\/\/sirleymontoya.com\/index.php\/wp-json\/wp\/v2\/product_tag?post=1795"}],"curies":[{"name":"wp","href":"https:\/\/api.w.org\/{rel}","templated":true}]}}