{"id":1799,"date":"2024-02-22T23:24:32","date_gmt":"2024-02-23T04:24:32","guid":{"rendered":"https:\/\/sirleymontoya.com\/?post_type=product&#038;p=1799"},"modified":"2024-04-13T18:31:51","modified_gmt":"2024-04-13T23:31:51","slug":"bolso-ambar","status":"publish","type":"product","link":"https:\/\/sirleymontoya.com\/index.php\/product\/bolso-ambar\/","title":{"rendered":"Bolso Ambar"},"content":{"rendered":"<p>Est\u00e1 Inspirada en mujeres formales, elegantes, profesionales, universitarias, madres que les gusta lucir con estilo a donde quiera que vayan. Ideal para almas viajeras gracias a su capacidad para llevar lo que quieras. \u00c1mbar te har\u00e1 sentir aut\u00e9ntica y segura en todo momento gracias a los cierres de seguridad en su exterior.<\/p>\n<p>\u00c1mbar tiene la capacidad para guardar un PC de 16 pulgadas, es resistente al peso y puede ser usado de dos formas.<\/p>\n<ul>\n<li>Producto 100% colombiano<\/li>\n<li>Elaborado en PVC, material que no se pela, ni se descascara<\/li>\n<li>Herrajes de excelente calidad<\/li>\n<li>Incluye monedero y correa<\/li>\n<\/ul>\n","protected":false},"excerpt":{"rendered":"<p>Medidas:<\/p>\n<ul>\n<li>Altura: 28 cm<\/li>\n<li>Ancho: 37 cm<\/li>\n<li>Superficie: 13 cm<\/li>\n<\/ul>\n<p>Nuestros bolsos est\u00e1n elaborados con materiales de alta calidad, material de PVC resistentes al agua y calor, f\u00e1ciles de limpiar, y de larga duraci\u00f3n (No se pelan ni se descascar\u00e1n). Usamos materiales sostenibles, contribuyendo as\u00ed con nuestro planeta y previniendo el maltrato animal.<\/p>\n<p>Elaborados en Colombia, por artesanos colombianos.<\/p>\n","protected":false},"featured_media":2190,"comment_status":"open","ping_status":"closed","template":"","meta":{"om_disable_all_campaigns":false,"_monsterinsights_skip_tracking":false,"_monsterinsights_sitenote_active":false,"_monsterinsights_sitenote_note":"","_monsterinsights_sitenote_category":0,"_joinchat":[]},"product_cat":[53],"product_tag":[70,75,74,73],"class_list":{"0":"post-1799","1":"product","2":"type-product","3":"status-publish","4":"has-post-thumbnail","6":"product_cat-bags","7":"product_tag-bolso","8":"product_tag-bolso-grande","9":"product_tag-bolso-mujer","10":"product_tag-mujer","12":"first","13":"instock","14":"shipping-taxable","15":"purchasable","16":"product-type-variable"},"aioseo_notices":[],"jetpack_sharing_enabled":true,"_links":{"self":[{"href":"https:\/\/sirleymontoya.com\/index.php\/wp-json\/wp\/v2\/product\/1799","targetHints":{"allow":["GET"]}}],"collection":[{"href":"https:\/\/sirleymontoya.com\/index.php\/wp-json\/wp\/v2\/product"}],"about":[{"href":"https:\/\/sirleymontoya.com\/index.php\/wp-json\/wp\/v2\/types\/product"}],"replies":[{"embeddable":true,"href":"https:\/\/sirleymontoya.com\/index.php\/wp-json\/wp\/v2\/comments?post=1799"}],"wp:featuredmedia":[{"embeddable":true,"href":"https:\/\/sirleymontoya.com\/index.php\/wp-json\/wp\/v2\/media\/2190"}],"wp:attachment":[{"href":"https:\/\/sirleymontoya.com\/index.php\/wp-json\/wp\/v2\/media?parent=1799"}],"wp:term":[{"taxonomy":"product_cat","embeddable":true,"href":"https:\/\/sirleymontoya.com\/index.php\/wp-json\/wp\/v2\/product_cat?post=1799"},{"taxonomy":"product_tag","embeddable":true,"href":"https:\/\/sirleymontoya.com\/index.php\/wp-json\/wp\/v2\/product_tag?post=1799"}],"curies":[{"name":"wp","href":"https:\/\/api.w.org\/{rel}","templated":true}]}}